{"id":121,"date":"2025-09-17T15:16:09","date_gmt":"2025-09-17T13:16:09","guid":{"rendered":"https:\/\/josecobopsicologo.es\/?page_id=121"},"modified":"2025-09-18T14:17:10","modified_gmt":"2025-09-18T12:17:10","slug":"sobre-mi","status":"publish","type":"page","link":"https:\/\/josecobopsicologo.es\/en\/sobre-mi\/","title":{"rendered":"About me"},"content":{"rendered":"[et_pb_section fb_built=\u00bb1&#8243; admin_label=\u00bbHeader &#038; About\u00bb _builder_version=\u00bb4.27.4&#8243; _module_preset=\u00bbdefault\u00bb background_color=\u00bb#1d3150&#8243; collapsed=\u00bbon\u00bb global_colors_info=\u00bb{%22gcid-555f765c-f894-450b-b9e2-169a23b01a51%22:%91%22background_color%22%93}\u00bb][et_pb_row column_structure=\u00bb1_2,1_2&#8243; _builder_version=\u00bb4.27.4&#8243; _module_preset=\u00bbdefault\u00bb global_colors_info=\u00bb{}\u00bb][et_pb_column type=\u00bb1_2&#8243; _builder_version=\u00bb4.24.2&#8243; _module_preset=\u00bbdefault\u00bb global_colors_info=\u00bb{}\u00bb][et_pb_text _builder_version=\u00bb4.27.4&#8243; _module_preset=\u00bb_initial\u00bb header_font=\u00bbMerriweather|900|||||||\u00bb header_text_color=\u00bb#fffeef\u00bb header_font_size=\u00bb72px\u00bb header_line_height=\u00bb1.2em\u00bb text_orientation=\u00bbcenter\u00bb custom_margin=\u00bb||10px||false|false\u00bb header_font_size_tablet=\u00bb40px\u00bb header_font_size_phone=\u00bb24px\u00bb header_font_size_last_edited=\u00bbon|desktop\u00bb global_colors_info=\u00bb{}\u00bb]<h1>About me<\/h1>[\/et_pb_text][et_pb_text _builder_version=\u00bb4.27.4&#8243; _module_preset=\u00bb_initial\u00bb header_6_font=\u00bbMerriweather|700|||||||\u00bb header_6_text_color=\u00bb#fffeef\u00bb header_6_font_size=\u00bb16px\u00bb header_6_line_height=\u00bb1.6em\u00bb text_orientation=\u00bbcenter\u00bb header_6_font_size_tablet=\u00bb15px\u00bb header_6_font_size_phone=\u00bb14px\u00bb header_6_font_size_last_edited=\u00bbon|desktop\u00bb global_colors_info=\u00bb{}\u00bb]<h6>Hello, I am Jos\u00e9, a health and forensic psychologist.<\/h6>[\/et_pb_text][et_pb_image src=\u00bbhttps:\/\/josecobopsicologo.es\/wp-content\/uploads\/2025\/09\/FOTO-WEB-2-1.jpg\u00bb title_text=\u00bbFOTO WEB 2 (1)\u00bb align=\u00bbcenter\u00bb _builder_version=\u00bb4.27.4&#8243; _module_preset=\u00bb_initial\u00bb height=\u00bb525px\u00bb hover_enabled=\u00bb0&#8243; border_radii=\u00bboff|500px|500px||\u00bb global_colors_info=\u00bb{}\u00bb height_last_edited=\u00bbon|phone\u00bb sticky_enabled=\u00bb0&#8243; height_phone=\u00bb300px\u00bb height_tablet=\u00bb525px\u00bb][\/et_pb_image][\/et_pb_column][et_pb_column type=\u00bb1_2&#8243; _builder_version=\u00bb4.24.2&#8243; _module_preset=\u00bbdefault\u00bb global_colors_info=\u00bb{}\u00bb][et_pb_text _builder_version=\u00bb4.27.4&#8243; _module_preset=\u00bb_initial\u00bb text_font=\u00bbLato||||||||\u00bb text_text_color=\u00bb#fffeef\u00bb text_font_size=\u00bb16px\u00bb text_line_height=\u00bb1.6em\u00bb hover_enabled=\u00bb0&#8243; global_colors_info=\u00bb{}\u00bb sticky_enabled=\u00bb0&#8243;]<p><strong>I have extensive experience in carrying out <\/strong><strong>civil and criminal expert reports, as well as in court defence. I have worked both at the <\/strong><strong>both privately and publicly for courts dealing with violence against women and for the Institute of <\/strong><strong>Legal and Forensic Medicine of Granada through an external company.<\/strong><\/p>\n<p><strong>In addition to my work in the forensic field, I specialise in psychological therapy for <\/strong><strong>treatment of anxiety and stress, as well as intervention in depression, problems with <\/strong><strong>relationships, grief, self-esteem, and other emotional difficulties that affect personal wellbeing.<\/strong><\/p>\n<p><strong>Mi objetivo es ofrecer un acompa\u00f1amiento profesional y cercano que ayude a cada persona a <\/strong><strong>overcome their difficulties and improve their quality of life.<\/strong><\/p>[\/et_pb_text][et_pb_text _builder_version=\u00bb4.27.4&#8243; _module_preset=\u00bb_initial\u00bb header_6_font=\u00bbMerriweather|900|||||||\u00bb header_6_text_color=\u00bb#fffeef\u00bb header_6_font_size=\u00bb16px\u00bb header_6_line_height=\u00bb1.6em\u00bb hover_enabled=\u00bb0&#8243; header_6_font_size_tablet=\u00bb15px\u00bb header_6_font_size_phone=\u00bb14px\u00bb header_6_font_size_last_edited=\u00bbon|desktop\u00bb global_colors_info=\u00bb{}\u00bb sticky_enabled=\u00bb0&#8243;]<h6><span style=\"text-decoration: underline;\">My education<\/span><\/h6>[\/et_pb_text][et_pb_text _builder_version=\u00bb4.27.4&#8243; _module_preset=\u00bb_initial\u00bb text_font=\u00bbLato||||||||\u00bb text_text_color=\u00bb#fffeef\u00bb text_font_size=\u00bb16px\u00bb text_line_height=\u00bb1.6em\u00bb global_colors_info=\u00bb{}\u00bb]<p><strong>Bachelor's degree in psychology<\/strong><br \/><strong>Bachelor of Laws<\/strong><br \/><strong>Master's Degree in General Health Psychology<\/strong><br \/><strong>Master's Degree in Legal and Forensic Psychology<\/strong><br \/><strong>Specialisation Diploma in Legal Psychology<\/strong><br \/><strong>Master's Degree in Clinical Hypnosis and Relaxation Techniques<\/strong><br \/><strong>Title: Specialist in Business Law<\/strong><br \/><strong>Specialist qualification in social and health care in gender-based violence<\/strong><\/p>[\/et_pb_text][\/et_pb_column][\/et_pb_row][\/et_pb_section][et_pb_section fb_built=\u00bb1&#8243; admin_label=\u00bbFooter\u00bb _builder_version=\u00bb4.27.4&#8243; _module_preset=\u00bbdefault\u00bb background_color=\u00bbgcid-fc7afca1-7302-4e55-829d-3d445387c282&#8243; hover_enabled=\u00bb0&#8243; saved_tabs=\u00bball\u00bb locked=\u00bboff\u00bb collapsed=\u00bbon\u00bb global_colors_info=\u00bb{%22gcid-fc7afca1-7302-4e55-829d-3d445387c282%22:%91%22background_color%22%93}\u00bb sticky_enabled=\u00bb0&#8243;][et_pb_row column_structure=\u00bb1_3,1_3,1_3&#8243; _builder_version=\u00bb4.23.2&#8243; _module_preset=\u00bbdefault\u00bb global_colors_info=\u00bb{}\u00bb][et_pb_column type=\u00bb1_3&#8243; _builder_version=\u00bb4.23.2&#8243; _module_preset=\u00bbdefault\u00bb global_colors_info=\u00bb{}\u00bb][et_pb_text _builder_version=\u00bb4.27.4&#8243; _module_preset=\u00bb_initial\u00bb header_5_font=\u00bbMerriweather|900|||||||\u00bb header_5_text_color=\u00bbgcid-3c3581c1-f373-4686-aa51-f9f01c8ffd79&#8243; header_5_line_height=\u00bb1.4em\u00bb custom_margin=\u00bb||10px||false|false\u00bb header_5_font_size_tablet=\u00bb16px\u00bb header_5_font_size_phone=\u00bb14px\u00bb header_5_font_size_last_edited=\u00bbon|desktop\u00bb global_colors_info=\u00bb{%22gcid-3c3581c1-f373-4686-aa51-f9f01c8ffd79%22:%91%22header_5_text_color%22%93}\u00bb]<h5>Location<\/h5>[\/et_pb_text][et_pb_text _builder_version=\u00bb4.27.4&#8243; _module_preset=\u00bb_initial\u00bb text_font=\u00bbLato||||||||\u00bb text_text_color=\u00bbgcid-75f8feef-8e89-48de-a593-3e169dc48f01&#8243; text_font_size=\u00bb16px\u00bb text_line_height=\u00bb1.8em\u00bb text_font_size_tablet=\u00bb15px\u00bb text_font_size_phone=\u00bb14px\u00bb text_font_size_last_edited=\u00bbon|desktop\u00bb global_colors_info=\u00bb{%22gcid-75f8feef-8e89-48de-a593-3e169dc48f01%22:%91%22text_text_color%22%93}\u00bb]<div><p><span data-canva-clipboard=\"ewAiAGEAIgA6ADUALAAiAGgAIgA6ACIAdwB3AHcALgBjAGEAbgB2AGEALgBjAG8AbQAiACwAIgBjACIAOgAiAEQAQQBHAHoATwB0AFkAaABaAEQARQAiACwAIgBpACIAOgAiADAAMQAyAEEARQBSADUAcgBpADcAVAB3AHgATAB2AEQAdQBiADkANABEAEEAIgAsACIAYgAiADoAMQA3ADUAOAAxADkAMwA3ADIANwA2ADQAOAAsACIAQQA\/ACIAOgAiAEIAIgAsACIAQQAiADoAWwB7ACIAQQAiADoAMQA1ADkALgAwADgAOQA5ADkANAA5ADcAOAAwADQAOAA4ADgALAAiAEIAIgA6ADEANAA3AC4ANQA0ADQANwA1ADcAMQAwADUAMQAwADkAMAA2ACwAIgBEACIAOgAzADMAMwAuADUANgA2ADIAMAAzADYANAAzADUAMgAyADYALAAiAEMAIgA6ADEAMgA5AC4ANAAwADAAMwAwADIAOAA3ADEANAA5ADAANwAsACIAQQA\/ACIAOgAiAEsAIgAsACIAXwAiADoAIgBMAEIAagA3AFoATQBaADIANAB5ADEARABXAGQARABqACIALAAiAGEAIgA6AHsAIgBBACIAOgBbAHsAIgBBAD8AIgA6ACIAQQAiACwAIgBBACIAOgAiAEMAbwBuAHMAdQBsAHQAYQBzACAAZABpAHMAcABvAG4AaQBiAGwAZQBzACAAZABlACAAZgBvAHIAbQBhACAAbwBuAGwAaQBuAGUAIAB5ACAAcAByAGUAcwBlAG4AYwBpAGEAbABlAHMAIABlAG4AIABHAHIAYQBuAGEAZABhAC4AXABuAFwAbgBCAGEAZABlAG0AIABwAG8AdwBlAGwAbAAgAGcAcgBhAG4AYQBkAGEAIABTAC8ATgAsACAAagB1AG4AdABvACAAYQAgAGwAYQAgAHAAYQByAGEAZABhACAAZABlACAAbQBlAHQAcgBvACAARABJAEwAQQBSAC4AXABuACIAfQBdACwAIgBCACIAOgBbAHsAIgBBAD8AIgA6ACIAQQAiACwAIgBBACIAOgB7ACIAYwBvAGwAbwByACIAOgB7ACIAQgAiADoAIgAjADEAMgAzADAANQAyACIAfQAsACIAZgBvAG4AdAAtAGYAYQBtAGkAbAB5ACIAOgB7ACIAQgAiADoAIgBZAEEARgBkAEoAdQBGAEMAbgBhAHcALAAwACIAfQAsACIAZgBvAG4AdAAtAHMAaQB6AGUAIgA6AHsAIgBCACIAOgAiADIANAAuADIANAAxADEAIgB9ACwAIgBmAG8AbgB0AC0AawBlAHIAbgBpAG4AZwAiADoAewAiAEIAIgA6ACIAbgBvAHIAbQBhAGwAIgB9AH0AfQAsAHsAIgBBAD8AIgA6ACIAQgAiACwAIgBBACIAOgAxADIANQB9ACwAewAiAEEAPwAiADoAIgBBACIALAAiAEEAIgA6AHsAIgBmAGkAbABsAC0AaQBkACIAOgB7ACIAQgAiADoAIgBuAG8AbgBlACIAfQB9AH0ALAB7ACIAQQA\/ACIAOgAiAEIAIgAsACIAQQAiADoAMQB9ACwAewAiAEEAPwAiADoAIgBBACIALAAiAEEAIgA6AHsAIgBjAG8AbABvAHIAIgA6AHsAfQAsACIAZgBvAG4AdAAtAGYAYQBtAGkAbAB5ACIAOgB7AH0ALAAiAGYAbwBuAHQALQBzAGkAegBlACIAOgB7AH0ALAAiAGYAbwBuAHQALQBrAGUAcgBuAGkAbgBnACIAOgB7AH0ALAAiAGYAaQBsAGwALQBpAGQAIgA6AHsAfQB9AH0AXQB9ACwAIgBiACIAOgB7ACIAQQAiADoAWwAzADgALAAyADcALAAxACwAMwA3ACwAMgAzAF0AfQAsACIAZAAiADoAIgBBACIALAAiAGUAIgA6ADQAMQAyAC4AOAA4ADEANgA3ADIANQAwADUAOAA3ADAANgA1ACwAIgBmACIAOgAxADYAMAAuADEANgA5ADEANAA0ADUAMAAxADkANQAzADEAMwAsACIAaAAiADoAIgBBACIAfQBdACwAIgBCACIAOgAxADMANgA2ACwAIgBDACIAOgA0ADEANwB9AA==\"><\/span><\/p>\n<div>\n<div>\n<p><span>Consultations available online and in person in Granada.<\/span><\/p>\n<\/div>\n<div>\n<p><span>Badem Powell Granada S\/N, next to the DILAR metro stop.<\/span><\/p>\n<\/div>\n<\/div>\n<\/div>[\/et_pb_text][\/et_pb_column][et_pb_column type=\u00bb1_3&#8243; _builder_version=\u00bb4.23.2&#8243; _module_preset=\u00bbdefault\u00bb global_colors_info=\u00bb{}\u00bb][et_pb_text _builder_version=\u00bb4.27.4&#8243; _module_preset=\u00bb_initial\u00bb header_5_font=\u00bbMerriweather|900|||||||\u00bb header_5_text_color=\u00bbgcid-3c3581c1-f373-4686-aa51-f9f01c8ffd79&#8243; header_5_line_height=\u00bb1.4em\u00bb custom_margin=\u00bb||10px||false|false\u00bb header_5_font_size_tablet=\u00bb16px\u00bb header_5_font_size_phone=\u00bb14px\u00bb header_5_font_size_last_edited=\u00bbon|desktop\u00bb locked=\u00bboff\u00bb global_colors_info=\u00bb{%22gcid-3c3581c1-f373-4686-aa51-f9f01c8ffd79%22:%91%22header_5_text_color%22%93}\u00bb]<h5>Opening hours<\/h5>[\/et_pb_text][et_pb_text _builder_version=\u00bb4.27.4&#8243; _module_preset=\u00bb_initial\u00bb text_font=\u00bbLato||||||||\u00bb text_text_color=\u00bbgcid-75f8feef-8e89-48de-a593-3e169dc48f01&#8243; text_font_size=\u00bb16px\u00bb text_line_height=\u00bb1.8em\u00bb custom_margin=\u00bb||0px||false|false\u00bb text_font_size_tablet=\u00bb15px\u00bb text_font_size_phone=\u00bb14px\u00bb text_font_size_last_edited=\u00bbon|desktop\u00bb locked=\u00bboff\u00bb global_colors_info=\u00bb{%22gcid-75f8feef-8e89-48de-a593-3e169dc48f01%22:%91%22text_text_color%22%93}\u00bb]<p>Monday \u2013 Friday<\/p>[\/et_pb_text][et_pb_text _builder_version=\u00bb4.27.4&#8243; _module_preset=\u00bb_initial\u00bb text_font=\u00bbLato||||||||\u00bb text_text_color=\u00bbgcid-75f8feef-8e89-48de-a593-3e169dc48f01&#8243; text_font_size=\u00bb16px\u00bb text_line_height=\u00bb1.8em\u00bb text_font_size_tablet=\u00bb15px\u00bb text_font_size_phone=\u00bb14px\u00bb text_font_size_last_edited=\u00bbon|desktop\u00bb locked=\u00bboff\u00bb global_colors_info=\u00bb{%22gcid-75f8feef-8e89-48de-a593-3e169dc48f01%22:%91%22text_text_color%22%93}\u00bb]<p>15:30 PM &#8211; 20:30 PM<\/p>[\/et_pb_text][et_pb_text _builder_version=\u00bb4.27.4&#8243; _module_preset=\u00bb_initial\u00bb text_font=\u00bbLato||||||||\u00bb text_text_color=\u00bbgcid-75f8feef-8e89-48de-a593-3e169dc48f01&#8243; text_font_size=\u00bb16px\u00bb text_line_height=\u00bb1.8em\u00bb custom_margin=\u00bb||0px||false|false\u00bb text_font_size_tablet=\u00bb15px\u00bb text_font_size_phone=\u00bb14px\u00bb text_font_size_last_edited=\u00bbon|desktop\u00bb locked=\u00bboff\u00bb global_colors_info=\u00bb{%22gcid-75f8feef-8e89-48de-a593-3e169dc48f01%22:%91%22text_text_color%22%93}\u00bb]<p>Saturday and Sunday<\/p>[\/et_pb_text][et_pb_text _builder_version=\u00bb4.27.4&#8243; _module_preset=\u00bb_initial\u00bb text_font=\u00bbLato||||||||\u00bb text_text_color=\u00bbgcid-75f8feef-8e89-48de-a593-3e169dc48f01&#8243; text_font_size=\u00bb16px\u00bb text_line_height=\u00bb1.8em\u00bb text_font_size_tablet=\u00bb15px\u00bb text_font_size_phone=\u00bb14px\u00bb text_font_size_last_edited=\u00bbon|desktop\u00bb locked=\u00bboff\u00bb global_colors_info=\u00bb{%22gcid-75f8feef-8e89-48de-a593-3e169dc48f01%22:%91%22text_text_color%22%93}\u00bb]<p>Closed.<\/p>[\/et_pb_text][\/et_pb_column][et_pb_column type=\u00bb1_3&#8243; _builder_version=\u00bb4.23.2&#8243; _module_preset=\u00bbdefault\u00bb global_colors_info=\u00bb{}\u00bb][et_pb_text _builder_version=\u00bb4.27.4&#8243; _module_preset=\u00bb_initial\u00bb header_5_font=\u00bbMerriweather|900|||||||\u00bb header_5_text_color=\u00bbgcid-3c3581c1-f373-4686-aa51-f9f01c8ffd79&#8243; header_5_line_height=\u00bb1.4em\u00bb custom_margin=\u00bb||10px||false|false\u00bb header_5_font_size_tablet=\u00bb16px\u00bb header_5_font_size_phone=\u00bb14px\u00bb header_5_font_size_last_edited=\u00bbon|desktop\u00bb locked=\u00bboff\u00bb global_colors_info=\u00bb{%22gcid-3c3581c1-f373-4686-aa51-f9f01c8ffd79%22:%91%22header_5_text_color%22%93}\u00bb]<h5>Contact<\/h5>[\/et_pb_text][et_pb_text _builder_version=\u00bb4.27.4&#8243; _module_preset=\u00bb_initial\u00bb text_font=\u00bbLato||||||||\u00bb text_text_color=\u00bbgcid-75f8feef-8e89-48de-a593-3e169dc48f01&#8243; text_font_size=\u00bb16px\u00bb text_line_height=\u00bb1.8em\u00bb text_font_size_tablet=\u00bb15px\u00bb text_font_size_phone=\u00bb14px\u00bb text_font_size_last_edited=\u00bbon|desktop\u00bb global_colors_info=\u00bb{%22gcid-75f8feef-8e89-48de-a593-3e169dc48f01%22:%91%22text_text_color%22%93}\u00bb]<div><p><span data-canva-clipboard=\"ewAiAGEAIgA6ADUALAAiAGgAIgA6ACIAdwB3AHcALgBjAGEAbgB2AGEALgBjAG8AbQAiACwAIgBjACIAOgAiAEQAQQBHAHoATwB0AFkAaABaAEQARQAiACwAIgBpACIAOgAiADAAMQAyAEEARQBSADUAcgBpADcAVAB3AHgATAB2AEQAdQBiADkANABEAEEAIgAsACIAYgAiADoAMQA3ADUAOAAxADkAMwA3ADIANwA2ADQAOAAsACIAQQA\/ACIAOgAiAEIAIgAsACIAQQAiADoAWwB7ACIAQQAiADoAMQA1ADkALgAwADgAOQA5ADkANAA5ADcAOAAwADQAOAA4ADgALAAiAEIAIgA6ADkAMAA1AC4ANwA0ADYAMgA2ADAAMQA0ADYAOQAyADUAOAAsACIARAAiADoAMwAwADMALgA0ADQANQA1ADUAMQAzADEAMAA1ADcANAA2ACwAIgBDACIAOgA0ADkALgA0ADEAMAAwADAANQAwADIAMQA5ADUAMQAxADYALAAiAEEAPwAiADoAIgBLACIALAAiAF8AIgA6ACIATABCAEMATgAyAGYAQgByAFYANgBuAEYAaAA2AG0AcwAiACwAIgBhACIAOgB7ACIAQQAiADoAWwB7ACIAQQA\/ACIAOgAiAEEAIgAsACIAQQAiADoAIgArADMANAAgADYANwAzACAAOAA0ACAAOQA2ACAANwA3AFwAbgBqAGMAcABzAGkAYwBvAGwAbwBnAG8AZwByAGEAbgBhAGQAYQBAAGcAbQBhAGkAbAAuAGMAbwBtAFwAbgAiAH0AXQAsACIAQgAiADoAWwB7ACIAQQA\/ACIAOgAiAEEAIgAsACIAQQAiADoAewAiAGYAbwBuAHQALQB3AGUAaQBnAGgAdAAiADoAewAiAEIAIgA6ACIAbgBvAHIAbQBhAGwAIgB9ACwAIgBmAG8AbgB0AC0AcwB0AHkAbABlACIAOgB7ACIAQgAiADoAIgBuAG8AcgBtAGEAbAAiAH0ALAAiAGYAbwBuAHQALQBrAGUAcgBuAGkAbgBnACIAOgB7ACIAQgAiADoAIgBuAG8AcgBtAGEAbAAiAH0ALAAiAGYAbwBuAHQALQBmAGUAYQB0AHUAcgBlAC0AbABpAGcAYQAiADoAewAiAEIAIgA6ACIAbwBmAGYAIgB9ACwAIgBmAG8AbgB0AC0AZgBlAGEAdAB1AHIAZQAtAGMAbABpAGcAIgA6AHsAIgBCACIAOgAiAG8AZgBmACIAfQAsACIAZgBvAG4AdAAtAGYAZQBhAHQAdQByAGUALQBjAGEAbAB0ACIAOgB7ACIAQgAiADoAIgBvAGYAZgAiAH0ALAAiAGYAbwBuAHQALQBzAGkAegBlAC0AbQBvAGQAaQBmAGkAZQByACIAOgB7ACIAQgAiADoAIgAxACIAfQAsACIAdgBlAHIAdABpAGMAYQBsAC0AYQBsAGkAZwBuACIAOgB7ACIAQgAiADoAIgAwACUAIgB9ACwAIgBjAG8AbABvAHIAIgA6AHsAIgBCACIAOgAiACMAMQAyADMAMAA1ADIAIgB9ACwAIgBmAGkAbABsAC0AaQBkACIAOgB7ACIAQgAiADoAIgBuAG8AbgBlACIAfQAsACIAZABlAGMAbwByAGEAdABpAG8AbgAiADoAewAiAEIAIgA6ACIAbgBvAG4AZQAiAH0ALAAiAHMAdAByAGkAawBlAHQAaAByAG8AdQBnAGgAIgA6AHsAIgBCACIAOgAiAG4AbwBuAGUAIgB9ACwAIgBrAGUAcgBuAGkAbgBnACIAOgB7ACIAQgAiADoAIgAwAC4AMAAiAH0ALAAiAGwAaQBuAGsAIgA6AHsAIgBCACIAOgAiACIAfQAsACIAcwB0AGEAcgB0AC0AdQBzACIAOgB7ACIAQgAiADoAIgAwACIAfQAsACIAZgBvAG4AdAAtAGYAYQBtAGkAbAB5ACIAOgB7ACIAQgAiADoAIgBZAEEARgBkAEoAdQBGAEMAbgBhAHcALAAwACIAfQAsACIAZgBvAG4AdAAtAHMAaQB6AGUAIgA6AHsAIgBCACIAOgAiADIANAAuADIANAAxADEAIgB9ACwAIgBsAGUAYQBkAGkAbgBnACIAOgB7ACIAQgAiADoAIgAxADQAMAAwAC4AMAAiAH0ALAAiAHMAcABhAGMAaQBuAGcAIgA6AHsAIgBCACIAOgAiADAALgAwACIAfQAsACIAZABpAHIAZQBjAHQAaQBvAG4AIgA6AHsAIgBCACIAOgAiAGwAdAByACIAfQAsACIAdAByAGEAYwBrAGkAbgBnACIAOgB7ACIAQgAiADoAIgAwAC4AMAAiAH0ALAAiAHQAZQB4AHQALQB0AHIAYQBuAHMAZgBvAHIAbQAiADoAewAiAEIAIgA6ACIAbgBvAG4AZQAiAH0ALAAiAHQAZQB4AHQALQBhAGwAaQBnAG4AIgA6AHsAIgBCACIAOgAiAHMAdABhAHIAdAAiAH0ALAAiAGgAZQBhAGQALQBpAG4AZABlAG4AdAAiADoAewAiAEIAIgA6ACIAMAAuADAAIgB9ACwAIgBsAGkAcwB0AC0AbQBhAHIAawBlAHIAIgA6AHsAIgBCACIAOgAiAG4AbwBuAGUAIgB9ACwAIgBsAGkAcwB0AC0AbABlAHYAZQBsACIAOgB7ACIAQgAiADoAIgAwAC4AMAAiAH0ALAAiAGwAaQBzAHQALQBuAHUAbQBiAGUAcgAtAHMAZQB0ACIAOgB7ACIAQgAiADoAIgBuAG8AbgBlACIAfQAsACIAcwB0AHkAbABlACIAOgB7ACIAQgAiADoAIgBiAG8AZAB5ACIAfQAsACIAcwBlAG0AYQBuAHQAaQBjAHMAIgA6AHsAIgBCACIAOgAiAHAAIgB9AH0AfQAsAHsAIgBBAD8AIgA6ACIAQgAiACwAIgBBACIAOgA0ADYAfQAsAHsAIgBBAD8AIgA6ACIAQQAiACwAIgBBACIAOgB7ACIAZgBvAG4AdAAtAHcAZQBpAGcAaAB0ACIAOgB7AH0ALAAiAGYAbwBuAHQALQBzAHQAeQBsAGUAIgA6AHsAfQAsACIAZgBvAG4AdAAtAGsAZQByAG4AaQBuAGcAIgA6AHsAfQAsACIAZgBvAG4AdAAtAGYAZQBhAHQAdQByAGUALQBsAGkAZwBhACIAOgB7AH0ALAAiAGYAbwBuAHQALQBmAGUAYQB0AHUAcgBlAC0AYwBsAGkAZwAiADoAewB9ACwAIgBmAG8AbgB0AC0AZgBlAGEAdAB1AHIAZQAtAGMAYQBsAHQAIgA6AHsAfQAsACIAZgBvAG4AdAAtAHMAaQB6AGUALQBtAG8AZABpAGYAaQBlAHIAIgA6AHsAfQAsACIAdgBlAHIAdABpAGMAYQBsAC0AYQBsAGkAZwBuACIAOgB7AH0ALAAiAGMAbwBsAG8AcgAiADoAewB9ACwAIgBmAGkAbABsAC0AaQBkACIAOgB7AH0ALAAiAGQAZQBjAG8AcgBhAHQAaQBvAG4AIgA6AHsAfQAsACIAcwB0AHIAaQBrAGUAdABoAHIAbwB1AGcAaAAiADoAewB9ACwAIgBrAGUAcgBuAGkAbgBnACIAOgB7AH0ALAAiAGwAaQBuAGsAIgA6AHsAfQAsACIAcwB0AGEAcgB0AC0AdQBzACIAOgB7AH0ALAAiAGYAbwBuAHQALQBmAGEAbQBpAGwAeQAiADoAewB9ACwAIgBmAG8AbgB0AC0AcwBpAHoAZQAiADoAewB9ACwAIgBsAGUAYQBkAGkAbgBnACIAOgB7AH0ALAAiAHMAcABhAGMAaQBuAGcAIgA6AHsAfQAsACIAZABpAHIAZQBjAHQAaQBvAG4AIgA6AHsAfQAsACIAdAByAGEAYwBrAGkAbgBnACIAOgB7AH0ALAAiAHQAZQB4AHQALQB0AHIAYQBuAHMAZgBvAHIAbQAiADoAewB9ACwAIgB0AGUAeAB0AC0AYQBsAGkAZwBuACIAOgB7AH0ALAAiAGgAZQBhAGQALQBpAG4AZABlAG4AdAAiADoAewB9ACwAIgBsAGkAcwB0AC0AbQBhAHIAawBlAHIAIgA6AHsAfQAsACIAbABpAHMAdAAtAGwAZQB2AGUAbAAiADoAewB9ACwAIgBsAGkAcwB0AC0AbgB1AG0AYgBlAHIALQBzAGUAdAAiADoAewB9ACwAIgBzAHQAeQBsAGUAIgA6AHsAfQAsACIAcwBlAG0AYQBuAHQAaQBjAHMAIgA6AHsAfQB9AH0AXQB9ACwAIgBiACIAOgB7ACIAQQAiADoAWwAxADcALAAyADkAXQB9ACwAIgBkACIAOgAiAEEAIgAsACIAZQAiADoAMwA3ADUALgA1ADkAOAA5ADIAMgA3ADAANQA4ADEANgAzADQALAAiAGYAIgA6ADYAMQAuADEANQA4ADcAMwAwADMANwA4ADQAMQA3ADkANwAsACIAaAAiADoAIgBBACIAfQBdACwAIgBCACIAOgAxADMANgA2ACwAIgBDACIAOgA0ADEANwB9AA==\"><\/span><\/p>\n<div>\n<div>\n<p><span>+34 673 84 96 77<\/span><\/p>\n<\/div>\n<div>\n<p><span>jcpsicologogranada@gmail.com<\/span><\/p>\n<\/div>\n<\/div>\n<\/div>[\/et_pb_text][et_pb_social_media_follow _builder_version=\u00bb4.27.4&#8243; _module_preset=\u00bbdefault\u00bb border_radii=\u00bbon|100px|100px|100px|100px\u00bb global_colors_info=\u00bb{}\u00bb][et_pb_social_media_follow_network social_network=\u00bbinstagram\u00bb url=\u00bbhttps:\/\/www.instagram.com\/psicologosanitariogranada\u00bb _builder_version=\u00bb4.27.4&#8243; _module_preset=\u00bbdefault\u00bb background_color=\u00bbgcid-3c3581c1-f373-4686-aa51-f9f01c8ffd79&#8243; background_enable_color=\u00bbon\u00bb custom_padding=\u00bb4px|4px|4px|4px|true|true\u00bb global_colors_info=\u00bb{%22gcid-3c3581c1-f373-4686-aa51-f9f01c8ffd79%22:%91%22background_color%22%93}\u00bb follow_button=\u00bboff\u00bb url_new_window=\u00bbon\u00bb]instagram[\/et_pb_social_media_follow_network][et_pb_social_media_follow_network social_network=\u00bbfacebook\u00bb url=\u00bbhttps:\/\/www.facebook.com\/JCPSICOLOGOGRANADA\u00bb _builder_version=\u00bb4.27.4&#8243; _module_preset=\u00bbdefault\u00bb background_color=\u00bbgcid-3c3581c1-f373-4686-aa51-f9f01c8ffd79&#8243; background_enable_color=\u00bbon\u00bb custom_padding=\u00bb4px|4px|4px|4px|true|true\u00bb global_colors_info=\u00bb{%22gcid-3c3581c1-f373-4686-aa51-f9f01c8ffd79%22:%91%22background_color%22%93}\u00bb follow_button=\u00bboff\u00bb url_new_window=\u00bbon\u00bb]facebook[\/et_pb_social_media_follow_network][\/et_pb_social_media_follow][\/et_pb_column][\/et_pb_row][\/et_pb_section]","protected":false},"excerpt":{"rendered":"<p>Sobre m\u00edHola, soy Jos\u00e9, psic\u00f3logo sanitario y forenseCuento con una gran experiencia en la realizaci\u00f3n de peritaciones civiles y penales, as\u00ed como en la defensa en juicio. He trabajado tanto a nivel privado como a nivel p\u00fablico para los juzgados de violencia de la mujer y para el Instituto de Medicina Legal y Forense de [&hellip;]<\/p>","protected":false},"author":1,"featured_media":0,"parent":0,"menu_order":0,"comment_status":"closed","ping_status":"closed","template":"","meta":{"_et_pb_use_builder":"on","_et_pb_old_content":"","_et_gb_content_width":"","footnotes":""},"class_list":["post-121","page","type-page","status-publish","hentry"],"yoast_head":"<!-- This site is optimized with the Yoast SEO plugin v26.8 - https:\/\/yoast.com\/product\/yoast-seo-wordpress\/ -->\n<title>Conoce a Jos\u00e9 Cobo \u2013 Psic\u00f3logo Sanitario y Forense en Granada<\/title>\n<meta name=\"description\" content=\"Psic\u00f3logo con amplia experiencia en terapia psicol\u00f3gica y peritajes judiciales en Granada. Formaci\u00f3n en psicolog\u00eda cl\u00ednica, legal y forense.\" \/>\n<meta name=\"robots\" content=\"index, follow, max-snippet:-1, max-image-preview:large, max-video-preview:-1\" \/>\n<link rel=\"canonical\" href=\"https:\/\/josecobopsicologo.es\/en\/sobre-mi\/\" \/>\n<meta property=\"og:locale\" content=\"en_GB\" \/>\n<meta property=\"og:type\" content=\"article\" \/>\n<meta property=\"og:title\" content=\"Conoce a Jos\u00e9 Cobo \u2013 Psic\u00f3logo Sanitario y Forense en Granada\" \/>\n<meta property=\"og:description\" content=\"Psic\u00f3logo con amplia experiencia en terapia psicol\u00f3gica y peritajes judiciales en Granada. Formaci\u00f3n en psicolog\u00eda cl\u00ednica, legal y forense.\" \/>\n<meta property=\"og:url\" content=\"https:\/\/josecobopsicologo.es\/en\/sobre-mi\/\" \/>\n<meta property=\"og:site_name\" content=\"Jose Cobos Psic\u00f3logo en Granada\" \/>\n<meta property=\"article:modified_time\" content=\"2025-09-18T12:17:10+00:00\" \/>\n<meta name=\"twitter:card\" content=\"summary_large_image\" \/>\n<meta name=\"twitter:label1\" content=\"Estimated reading time\" \/>\n\t<meta name=\"twitter:data1\" content=\"2 minutes\" \/>\n<script type=\"application\/ld+json\" class=\"yoast-schema-graph\">{\"@context\":\"https:\/\/schema.org\",\"@graph\":[{\"@type\":\"WebPage\",\"@id\":\"https:\/\/josecobopsicologo.es\/sobre-mi\/\",\"url\":\"https:\/\/josecobopsicologo.es\/sobre-mi\/\",\"name\":\"Conoce a Jos\u00e9 Cobo \u2013 Psic\u00f3logo Sanitario y Forense en Granada\",\"isPartOf\":{\"@id\":\"https:\/\/josecobopsicologo.es\/#website\"},\"datePublished\":\"2025-09-17T13:16:09+00:00\",\"dateModified\":\"2025-09-18T12:17:10+00:00\",\"description\":\"Psic\u00f3logo con amplia experiencia en terapia psicol\u00f3gica y peritajes judiciales en Granada. Formaci\u00f3n en psicolog\u00eda cl\u00ednica, legal y forense.\",\"breadcrumb\":{\"@id\":\"https:\/\/josecobopsicologo.es\/sobre-mi\/#breadcrumb\"},\"inLanguage\":\"en-GB\",\"potentialAction\":[{\"@type\":\"ReadAction\",\"target\":[\"https:\/\/josecobopsicologo.es\/sobre-mi\/\"]}]},{\"@type\":\"BreadcrumbList\",\"@id\":\"https:\/\/josecobopsicologo.es\/sobre-mi\/#breadcrumb\",\"itemListElement\":[{\"@type\":\"ListItem\",\"position\":1,\"name\":\"Portada\",\"item\":\"https:\/\/josecobopsicologo.es\/\"},{\"@type\":\"ListItem\",\"position\":2,\"name\":\"Sobre m\u00ed\"}]},{\"@type\":\"WebSite\",\"@id\":\"https:\/\/josecobopsicologo.es\/#website\",\"url\":\"https:\/\/josecobopsicologo.es\/\",\"name\":\"Jose Cobos Psic\u00f3logo en Granada\",\"description\":\"\",\"potentialAction\":[{\"@type\":\"SearchAction\",\"target\":{\"@type\":\"EntryPoint\",\"urlTemplate\":\"https:\/\/josecobopsicologo.es\/?s={search_term_string}\"},\"query-input\":{\"@type\":\"PropertyValueSpecification\",\"valueRequired\":true,\"valueName\":\"search_term_string\"}}],\"inLanguage\":\"en-GB\"}]}<\/script>\n<!-- \/ Yoast SEO plugin. -->","yoast_head_json":{"title":"Conoce a Jos\u00e9 Cobo \u2013 Psic\u00f3logo Sanitario y Forense en Granada","description":"Psic\u00f3logo con amplia experiencia en terapia psicol\u00f3gica y peritajes judiciales en Granada. Formaci\u00f3n en psicolog\u00eda cl\u00ednica, legal y forense.","robots":{"index":"index","follow":"follow","max-snippet":"max-snippet:-1","max-image-preview":"max-image-preview:large","max-video-preview":"max-video-preview:-1"},"canonical":"https:\/\/josecobopsicologo.es\/en\/sobre-mi\/","og_locale":"en_GB","og_type":"article","og_title":"Conoce a Jos\u00e9 Cobo \u2013 Psic\u00f3logo Sanitario y Forense en Granada","og_description":"Psic\u00f3logo con amplia experiencia en terapia psicol\u00f3gica y peritajes judiciales en Granada. Formaci\u00f3n en psicolog\u00eda cl\u00ednica, legal y forense.","og_url":"https:\/\/josecobopsicologo.es\/en\/sobre-mi\/","og_site_name":"Jose Cobos Psic\u00f3logo en Granada","article_modified_time":"2025-09-18T12:17:10+00:00","twitter_card":"summary_large_image","twitter_misc":{"Estimated reading time":"2 minutes"},"schema":{"@context":"https:\/\/schema.org","@graph":[{"@type":"WebPage","@id":"https:\/\/josecobopsicologo.es\/sobre-mi\/","url":"https:\/\/josecobopsicologo.es\/sobre-mi\/","name":"Conoce a Jos\u00e9 Cobo \u2013 Psic\u00f3logo Sanitario y Forense en Granada","isPartOf":{"@id":"https:\/\/josecobopsicologo.es\/#website"},"datePublished":"2025-09-17T13:16:09+00:00","dateModified":"2025-09-18T12:17:10+00:00","description":"Psic\u00f3logo con amplia experiencia en terapia psicol\u00f3gica y peritajes judiciales en Granada. Formaci\u00f3n en psicolog\u00eda cl\u00ednica, legal y forense.","breadcrumb":{"@id":"https:\/\/josecobopsicologo.es\/sobre-mi\/#breadcrumb"},"inLanguage":"en-GB","potentialAction":[{"@type":"ReadAction","target":["https:\/\/josecobopsicologo.es\/sobre-mi\/"]}]},{"@type":"BreadcrumbList","@id":"https:\/\/josecobopsicologo.es\/sobre-mi\/#breadcrumb","itemListElement":[{"@type":"ListItem","position":1,"name":"Portada","item":"https:\/\/josecobopsicologo.es\/"},{"@type":"ListItem","position":2,"name":"Sobre m\u00ed"}]},{"@type":"WebSite","@id":"https:\/\/josecobopsicologo.es\/#website","url":"https:\/\/josecobopsicologo.es\/","name":"Jose Cobos Psic\u00f3logo en Granada","description":"","potentialAction":[{"@type":"SearchAction","target":{"@type":"EntryPoint","urlTemplate":"https:\/\/josecobopsicologo.es\/?s={search_term_string}"},"query-input":{"@type":"PropertyValueSpecification","valueRequired":true,"valueName":"search_term_string"}}],"inLanguage":"en-GB"}]}},"_links":{"self":[{"href":"https:\/\/josecobopsicologo.es\/en\/wp-json\/wp\/v2\/pages\/121","targetHints":{"allow":["GET"]}}],"collection":[{"href":"https:\/\/josecobopsicologo.es\/en\/wp-json\/wp\/v2\/pages"}],"about":[{"href":"https:\/\/josecobopsicologo.es\/en\/wp-json\/wp\/v2\/types\/page"}],"author":[{"embeddable":true,"href":"https:\/\/josecobopsicologo.es\/en\/wp-json\/wp\/v2\/users\/1"}],"replies":[{"embeddable":true,"href":"https:\/\/josecobopsicologo.es\/en\/wp-json\/wp\/v2\/comments?post=121"}],"version-history":[{"count":14,"href":"https:\/\/josecobopsicologo.es\/en\/wp-json\/wp\/v2\/pages\/121\/revisions"}],"predecessor-version":[{"id":230,"href":"https:\/\/josecobopsicologo.es\/en\/wp-json\/wp\/v2\/pages\/121\/revisions\/230"}],"wp:attachment":[{"href":"https:\/\/josecobopsicologo.es\/en\/wp-json\/wp\/v2\/media?parent=121"}],"curies":[{"name":"wp","href":"https:\/\/api.w.org\/{rel}","templated":true}]}}